{"id":3177,"date":"2025-11-20T00:08:08","date_gmt":"2025-11-19T23:08:08","guid":{"rendered":"https:\/\/code78.de\/blog\/?page_id=3177"},"modified":"2026-03-04T08:13:51","modified_gmt":"2026-03-04T07:13:51","slug":"wall-of-frames-psychologie","status":"publish","type":"page","link":"https:\/\/code78.de\/blog\/ueber-mich\/wall-of-frames-psychologie\/","title":{"rendered":"Psychologie-Zertifikate und Diplomas"},"content":{"rendered":"\n<script type=\"application\/ld+json\">\n{\n  \"@context\": \"https:\/\/schema.org\",\n  \"@type\": \"Person\",\n  \"givenName\": \"Heidi\",\n  \"familyName\": \"Sch\u00f6nenberg-Hausdorf\",\n  \"jobTitle\": \"Social Media Managerin\",\n  \"image\": \"https:\/\/code78.de\/blog\/wp-content\/uploads\/2025\/11\/Heidi-Schoenenberg-Hausdorf-code78.jpg\",\n  \"gender\": \"Female\",\n  \"sameAs\": [\n    \"https:\/\/x.com\/minus78\",\n    \"https:\/\/www.linkedin.com\/in\/heidi-sch%C3%B6nenberg-hausdorf\/\",\n    \"https:\/\/www.facebook.com\/minus78\",\n    \"https:\/\/www.instagram.com\/minus78\/\"\n  ],\n  \"hasCredential\": [\n    {\n      \"@type\": \"EducationalOccupationalCredential\",\n      \"name\": \"Diploma Psychologie\",\n      \"credentialCategory\": \"Diploma\",\n      \"issuedBy\": {\n        \"@type\": \"Organization\",\n        \"name\": \"Alison\"\n      },\n      \"dateIssued\": \"2024-07\"\n    },\n    {\n      \"@type\": \"EducationalOccupationalCredential\",\n      \"name\": \"Psychologie (Managing Happiness)\",\n      \"credentialCategory\": \"Certificate\",\n      \"issuedBy\": {\n        \"@type\": \"Organization\",\n        \"name\": \"Harvard University\"\n      },\n      \"dateIssued\": \"2024\"\n    },\n    {\n      \"@type\": \"EducationalOccupationalCredential\",\n      \"name\": \"Introduction into Psychologie\",\n      \"credentialCategory\": \"Certificate\",\n      \"issuedBy\": {\n        \"@type\": \"Organization\",\n        \"name\": \"Yale University\"\n      },\n      \"dateIssued\": \"2025-11\"\n    },\n    {\n      \"@type\": \"EducationalOccupationalCredential\",\n      \"name\": \"Neuromarketing\",\n      \"credentialCategory\": \"Certificate\",\n      \"issuedBy\": {\n        \"@type\": \"Organization\",\n        \"name\": \"LinkedIn\"\n      },\n      \"dateIssued\": \"2025-12\"\n    }\n  ],\n  \"knowsAbout\": [\n    \"Psychologie\",\n    \"Psychologische Hebel\",\n    \"Neuromarketing\",\n    \"Prompt Engineering\"\n  ],\n  \"skills\": [\n    \"Psychologie\",\n    \"Psychologische Trigger im Marketing\",\n    \"Social Proof\",\n    \"FOMO\",\n    \"Menschenkenntnis\"\n  ]\n}\n<\/script>\n\n\n\n<div class=\"wp-block-group wof-intro has-global-padding is-layout-constrained wp-block-group-is-layout-constrained\">\n<p>Willkommen an dem Ort, an dem ein Haufen Papier offiziell meinen Intellekt beweist und gleichzeitig als schickes Wanddekor durchgeht: Meine Wall of Frames.<br>Ja, all diese Diplome und Zertifikate sind echt \u2013 und ja, ich habe tats\u00e4chlich f\u00fcr jedes einzelne geschwitzt, geb\u00fcffelt und gelegentlich an meinem Verstand gezweifelt. Aber keine Sorge: Ihr m\u00fcsst euch nicht selbst in endlosen Vorlesungen qu\u00e4len, um hier beeindruckt zu sein.<\/p>\n\n\n\n<p>Jeder&nbsp; Link ist quasi ein visuelles Statement: \u201eIch habe es \u00fcberlebt.\u201c Psychologie, Kurse, Fortbildungen \u2013 fein s\u00e4uberlich hier notiert, damit man den harten Weg zum Wissen nicht \u00fcbersehen kann. Und ja, es ist ein bisschen so, als w\u00fcrde ich sagen: \u201eSchaut her, ich bin nicht nur charmant, ich kann auch denken.\u201c<\/p>\n\n\n\n<p>Wer also Lust auf eine Mischung aus Bildung, Ironie und leichtem Narzissmus hat, ist hier genau richtig.<\/p>\n<\/div>\n\n\n\n<h2 class=\"wp-block-heading\" style=\"padding-top:0em;padding-bottom:1em;font-size:clamp(1.146em, 1.146rem + ((1vw - 0.2em) * 1.026), 1.8em);\">Hier eine Auswahl meiner Troph\u00e4en:<\/h2>\n\n\n\n<div class=\"wof-grid\">\n\n    <!-- Karte 1 -->\n    <div class=\"wof-card\" onclick=\"wofOpenLightbox(this)\">\n      <div class=\"wof-card-img-wrap\">\n        <img decoding=\"async\"\n          src=\"https:\/\/code78.de\/blog\/wp-content\/uploads\/2025\/11\/HSH-Diploma-Psychology-1024x724.jpg\"\n          data-caption=\"Diploma \u00b7 2024\"\n        \/>\n      <\/div>\n      <div class=\"wof-card-body\">\n        <p class=\"wof-card-title\">Diploma in Psychology<\/p>\n        <p class=\"wof-card-sub\">Alison<\/p>\n        <span class=\"wof-card-badge\">2024<\/span>\n      <\/div>\n    <\/div>\n\n    <!-- Karte 2 -->\n    <div class=\"wof-card\" onclick=\"wofOpenLightbox(this)\">\n      <div class=\"wof-card-img-wrap\">\n        <a href=\"https:\/\/courses.edx.org\/certificates\/6da85aec1d6b45e0ba483e36458ae122\"><img decoding=\"async\"\n          src=\"https:\/\/code78.de\/blog\/wp-content\/uploads\/2025\/11\/HSH-Harvard-Psychology-1024x724.jpg\"\n          data-caption=\"Zertifikat \u00b7 2024\"\n        \/><\/a>\n      <\/div>\n      <div class=\"wof-card-body\">\n        <p class=\"wof-card-title\">Zertifikat: Managing Happiness<\/p>\n        <p class=\"wof-card-sub\">Harvard<\/p>\n        <span class=\"wof-card-badge\">2024<\/span>\n      <\/div>\n    <\/div>\n\n    <!-- Karte 3 -->\n    <div class=\"wof-card\" onclick=\"wofOpenLightbox(this)\">\n      <div class=\"wof-card-img-wrap\">\n        <a href=\"https:\/\/www.coursera.org\/account\/accomplishments\/verify\/L8XTGXIJQLE5\"><img decoding=\"async\"\n          src=\"https:\/\/code78.de\/blog\/wp-content\/uploads\/2025\/11\/HSH-Yale-Psychology-1024x724.jpg\"\n          data-caption=\"Zertifikat \u00b7 2025\"\n        \/><\/a>\n      <\/div>\n      <div class=\"wof-card-body\">\n        <p class=\"wof-card-title\">Zertifikat: Introduction into Psychology<\/p>\n        <p class=\"wof-card-sub\">Yale<\/p>\n        <span class=\"wof-card-badge\">2025<\/span>\n      <\/div>\n    <\/div>\n\n    <!-- Karte 4 -->\n    <div class=\"wof-card\" onclick=\"wofOpenLightbox(this)\">\n      <div class=\"wof-card-img-wrap\">\n        <a href=\"https:\/\/www.coursera.org\/account\/accomplishments\/specialization\/VJ3DT35QJKUU\"><img decoding=\"async\"\n          src=\"https:\/\/code78.de\/blog\/wp-content\/uploads\/2026\/01\/Heidi-Schoenenberg-Hausdorf-Cambridge-University-Psychology-of-Emotions-1024x724.jpg\"\n          data-caption=\"Zertifikat \u00b7 2026\"\n        \/><\/a>\n      <\/div>\n      <div class=\"wof-card-body\">\n        <p class=\"wof-card-title\">Spezialisierung: The science of mind and decision making<\/p>\n        <p class=\"wof-card-sub\">University Of Cambridge<\/p>\n        <span class=\"wof-card-badge\">2026<\/span>\n      <\/div>\n    <\/div>\n\n   <!-- Karte 5 -->\n    <div class=\"wof-card\" onclick=\"wofOpenLightbox(this)\">\n      <div class=\"wof-card-img-wrap\">\n        <a href=\"https:\/\/www.coursera.org\/account\/accomplishments\/verify\/1QWXDVZ26OJ5\"><img decoding=\"async\"\n          src=\"https:\/\/code78.de\/blog\/wp-content\/uploads\/2026\/02\/Heidi-Schoenenberg-Hausdorf-LearnQuest-Foundations-of-Sales-Psychology-and-Buyer-Behavior-1024x724.jpg\"\n          data-caption=\"Zertifikat \u00b7 2026\"\n        \/><\/a>\n      <\/div>\n      <div class=\"wof-card-body\">\n        <p class=\"wof-card-title\">Foundations of Sales Psychology and Buyer Behavior<\/p>\n        <p class=\"wof-card-sub\">Learn Quest<\/p>\n        <span class=\"wof-card-badge\">2026<\/span>\n      <\/div>\n    <\/div>\n\n<\/div>\n\n\n\n<div class=\"wp-block-columns is-layout-flex wp-container-core-columns-is-layout-28f84493 wp-block-columns-is-layout-flex\">\n<div class=\"wp-block-column is-layout-flow wp-block-column-is-layout-flow\">\n<figure class=\"wp-block-image aligncenter size-large\" style=\"margin-top:1em;margin-bottom:1em\"><img decoding=\"async\" width=\"1024\" height=\"724\" src=\"https:\/\/code78.de\/blog\/wp-content\/uploads\/2025\/12\/Heidi-Schoenenberg-Hausdorf-LinkedIn-Psychologische-Hacks-1024x724.jpg\" alt=\"Heidi Sch\u00f6nenberg-Hausdorf \u2013LinkedIn Learning: 10 psychologische Hacks\" class=\"wp-image-6442\" style=\"box-shadow:var(--wp--preset--shadow--natural)\" srcset=\"https:\/\/code78.de\/blog\/wp-content\/uploads\/2025\/12\/Heidi-Schoenenberg-Hausdorf-LinkedIn-Psychologische-Hacks-1024x724.jpg 1024w, https:\/\/code78.de\/blog\/wp-content\/uploads\/2025\/12\/Heidi-Schoenenberg-Hausdorf-LinkedIn-Psychologische-Hacks-300x212.jpg 300w, https:\/\/code78.de\/blog\/wp-content\/uploads\/2025\/12\/Heidi-Schoenenberg-Hausdorf-LinkedIn-Psychologische-Hacks-768x543.jpg 768w, https:\/\/code78.de\/blog\/wp-content\/uploads\/2025\/12\/Heidi-Schoenenberg-Hausdorf-LinkedIn-Psychologische-Hacks.jpg 1500w\" sizes=\"(max-width: 1024px) 100vw, 1024px\" \/><\/figure>\n<\/div>\n\n\n\n<div class=\"wp-block-column is-layout-flow wp-block-column-is-layout-flow\">\n<figure class=\"wp-block-image size-large\" style=\"margin-top:1em;margin-bottom:1em\"><img decoding=\"async\" width=\"1024\" height=\"724\" src=\"https:\/\/code78.de\/blog\/wp-content\/uploads\/2025\/12\/Heidi-Schoenenberg-Hausdorf-LinkedIn-Neuromarketing-1024x724.jpg\" alt=\"Heidi Sch\u00f6nenberg-Hausdorf \u2013LinkedIn-Learning: Neuromarketing\" class=\"wp-image-6473\" style=\"box-shadow:var(--wp--preset--shadow--natural)\" srcset=\"https:\/\/code78.de\/blog\/wp-content\/uploads\/2025\/12\/Heidi-Schoenenberg-Hausdorf-LinkedIn-Neuromarketing-1024x724.jpg 1024w, https:\/\/code78.de\/blog\/wp-content\/uploads\/2025\/12\/Heidi-Schoenenberg-Hausdorf-LinkedIn-Neuromarketing-300x212.jpg 300w, https:\/\/code78.de\/blog\/wp-content\/uploads\/2025\/12\/Heidi-Schoenenberg-Hausdorf-LinkedIn-Neuromarketing-768x543.jpg 768w, https:\/\/code78.de\/blog\/wp-content\/uploads\/2025\/12\/Heidi-Schoenenberg-Hausdorf-LinkedIn-Neuromarketing.jpg 1500w\" sizes=\"(max-width: 1024px) 100vw, 1024px\" \/><\/figure>\n<\/div>\n<\/div>\n\n\n\n<div class=\"wp-block-columns is-layout-flex wp-container-core-columns-is-layout-28f84493 wp-block-columns-is-layout-flex\">\n<div class=\"wp-block-column is-layout-flow wp-block-column-is-layout-flow\"><\/div>\n\n\n\n<div class=\"wp-block-column is-layout-flow wp-block-column-is-layout-flow\"><\/div>\n<\/div>\n\n\n\n<p class=\"has-text-color has-link-color wp-elements-40a1c24d8a7ce9ff717cef62b08fc62d\" style=\"color:#a36361\"><br><\/p>\n","protected":false},"excerpt":{"rendered":"<p>Meine Wall of Frames ist der Beweis, dass Wissen Arbeit macht \u2013 und sich gut an der Wand macht. Echte Zertifikate, echte M\u00fche. Et voila: Psychologie-Zertifikate<\/p>\n","protected":false},"author":1,"featured_media":7172,"parent":94,"menu_order":0,"comment_status":"closed","ping_status":"closed","template":"","meta":{"_acf_changed":false,"footnotes":""},"class_list":["post-3177","page","type-page","status-publish","has-post-thumbnail","hentry"],"acf":[],"_links":{"self":[{"href":"https:\/\/code78.de\/blog\/wp-json\/wp\/v2\/pages\/3177","targetHints":{"allow":["GET"]}}],"collection":[{"href":"https:\/\/code78.de\/blog\/wp-json\/wp\/v2\/pages"}],"about":[{"href":"https:\/\/code78.de\/blog\/wp-json\/wp\/v2\/types\/page"}],"author":[{"embeddable":true,"href":"https:\/\/code78.de\/blog\/wp-json\/wp\/v2\/users\/1"}],"replies":[{"embeddable":true,"href":"https:\/\/code78.de\/blog\/wp-json\/wp\/v2\/comments?post=3177"}],"version-history":[{"count":0,"href":"https:\/\/code78.de\/blog\/wp-json\/wp\/v2\/pages\/3177\/revisions"}],"up":[{"embeddable":true,"href":"https:\/\/code78.de\/blog\/wp-json\/wp\/v2\/pages\/94"}],"wp:featuredmedia":[{"embeddable":true,"href":"https:\/\/code78.de\/blog\/wp-json\/wp\/v2\/media\/7172"}],"wp:attachment":[{"href":"https:\/\/code78.de\/blog\/wp-json\/wp\/v2\/media?parent=3177"}],"curies":[{"name":"wp","href":"https:\/\/api.w.org\/{rel}","templated":true}]}}