{"id":57,"date":"2017-01-08T18:44:43","date_gmt":"2017-01-08T17:44:43","guid":{"rendered":"http:\/\/code78.de\/blog\/?page_id=57"},"modified":"2026-02-21T10:25:56","modified_gmt":"2026-02-21T09:25:56","slug":"datenschutz","status":"publish","type":"page","link":"https:\/\/code78.de\/blog\/datenschutz\/","title":{"rendered":"Datenschutzerkl\u00e4rung"},"content":{"rendered":"\n<nav>\n<a href=\"#grundsatz\">Grundsatz<\/a><br><a href=\"#verantwortlichkeit\">Verantwortlichkeit und Geltungsbereich<\/a><br><a href=\"#erhebung\">Erhebung, Nutzung, Weitergabe<\/a>\n<ul style=\"text-align: left;\">\n<li><a href=\"#erhebung\">Durch den Anbieter<\/a><\/li>\n<li><a href=\"#provider\">Durch den Provider<\/a><\/li>\n<li><a href=\"#cookies\">Cookies<\/a><\/li>\n<li><a href=\"#kontaktaufnahme\">Kontaktaufnahme<\/a><\/li>\n<li><a href=\"#kommentarfunktion\">Kommentarfunktion<\/a>\n<ul>\n<li><a href=\"#kommentarabo\">Kommentar-Abonnement<\/a><\/li>\n<li><a href=\"#gravatar\">Gravatar-Profil<\/a><\/li>\n<\/ul>\n<\/li>\n<li><a href=\"#socialplugins\">Social PlugIns<\/a><\/li>\n<li><a href=\"#webfonts\">Google Web Fonts<\/a><\/li>\n<\/ul>\n<p><a href=\"#ssltls\"> SSL\/TLS<\/a><br><a href=\"#schutz\">Schutz von personenbezogenen Daten<\/a><br><a href=\"#widerrufeinwilligung\"> Widerruf der Einwilligung<\/a><br><a href=\"#auskunft\"> Auskunft, \u00c4nderung und L\u00f6schung<\/a><br><a href=\"#datenuebertragbarkeit\"> Recht auf Daten\u00fcbertragbarkeit<\/a><br><a href=\"#beschwerderecht\"> Beschwerderecht bei der zust\u00e4ndigen Aufsichtsbeh\u00f6rde<\/a><\/p>\n<\/nav>\n\n\n\n<h3 class=\"wp-block-heading\" id=\"grundsatz\">Grundsatz<\/h3>\n\n\n\n<p>Wir wissen, dass dir der sorgf\u00e4ltige Umgang mit deinen pers\u00f6nlichen Daten wichtig ist. Deshalb beachten wir die anwendbaren datenschutzrechtlichen Bestimmungen.<\/p>\n\n\n\n<p>Personenbezogene Daten sind Informationen, mit deren Hilfe eine Person bestimmbar ist, also Angaben, die zu einer Person zur\u00fcckverfolgt werden k\u00f6nnen. Dazu geh\u00f6ren der Name, die Emailadresse oder die Telefonnummer. Aber auch Daten \u00fcber Vorlieben, Hobbies, Mitgliedschaften oder welche <a style=\"text-decoration: none!important; border-bottom: none; color: inherit;\" href=\"https:\/\/code78.de\/blog\">Webseiten<\/a> von jemandem besucht wurden, z\u00e4hlen zu personenbezogenen Daten.<\/p>\n\n\n\n<p>Wir verarbeiten deine personenbezogenen Daten nur, sofern das Gesetz die Datenverarbeitung erlaubt oder wenn du deine Zustimmung zu der Verarbeitung deiner Daten gegeben hast. Deine Daten werden selbstredend nicht an Dritte weitergegeben.<\/p>\n\n\n\n<p>Diese Datenschutzerkl\u00e4rung ist unsere Art, dir zu zeigen, welche Daten wir \u00fcber dich erfassen, wie wir sie verwenden, und wie du sie einsehen, \u00e4ndern und l\u00f6schen kannst.<\/p>\n\n\n\n<h3 class=\"wp-block-heading\" id=\"verantwortlichkeit\">Verantwortlichkeit und Geltungsbereiche<\/h3>\n\n\n\n<p>Die verantwortliche Stelle f\u00fcr die Datenverarbeitung auf dieser Website ist:<\/p>\n\n\n\n<p>Heidi Sch\u00f6nenberg-Hausdorf<br>Holsterhauser Str. 56<br>45147 Essen<\/p>\n\n\n\n<p>E-Mail: heidi+blog[at]code78[dot]de<\/p>\n\n\n\n<p>Diese Datenschutzerkl\u00e4rung beschreibt die Erhebung und Verwendung von personenbezogenen Daten beim Besuch und bei Nutzung von <a style=\"text-decoration: none!important; border-bottom: none; color: inherit;\" href=\"https:\/\/code78.de\/blog\">code78<\/a>.<br>Erg\u00e4nzend gelten die Datenschutzbedingungen von externen Diensten oder sozialen Netzwerken (z.B. Google), die du w\u00e4hrend eines Besuches bei uns zus\u00e4tzlich nutzen kannst.<\/p>\n\n\n\n<h3 class=\"wp-block-heading\" id=\"erhebung\">Erhebung, Nutzung und Weitergabe<\/h3>\n\n\n\n<p>Wir verarbeiten deine personenbezogenen Daten nur, sofern das Gesetz die Datenverarbeitung erlaubt oder wenn du uns diese Angaben freiwillig, z.B. im Rahmen einer Anfrage, mitgeteilt hast.<br>Deine Daten werden nicht an Dritte weitergeben, es sei denn, eine Weitergabe ist aufgrund gesetzlicher Vorschriften erforderlich.<\/p>\n\n\n\n<p>Wir respektieren dein gesetzliches Recht auf Auskunft, Korrektur und L\u00f6schung oder Einschr\u00e4nkung der Nutzung deiner personenbezogenen Daten: Du hat das Recht, auf Antrag unentgeltlich Auskunft \u00fcber die personenbezogenen Daten, die \u00fcber dich gespeichert wurden, zu erhalten. Zus\u00e4tzlich hast du das Recht auf Berichtigung unrichtiger Daten, Sperrung und L\u00f6schung deiner personenbezogenen Daten, soweit dem keine gesetzliche Aufbewahrungspflicht entgegensteht.<\/p>\n\n\n\n<p>Wir halten uns an die Grunds\u00e4tze der Datenvermeidung und Datensparsamkeit. Wir speichern deine Informationen nur so lange, wie dies erforderlich ist, um die in dieser Datenschutzerkl\u00e4rung beschriebenen Zwecke zu erf\u00fcllen oder wie dies gesetzlich vorgeschrieben wird, z.B. f\u00fcr Steuer- und Buchhaltungszwecke.<\/p>\n\n\n\n<h4 class=\"wp-block-heading\" id=\"provider\">Datenerfassung durch den Provider<\/h4>\n\n\n\n<p>Du kannst unsere Website besuchen, ohne uns personenbezogene Daten mitzuteilen. Wenn du auf unsere Seiten zugreifst, werden kommunikations- und nutzungsbezogene Angaben mit technischen Mitteln automatisch erzeugt, damit du die entsprechenden Inhalte wahrnehmen kannst.<\/p>\n\n\n\n<p>Das sind vor allem Daten wie<\/p>\n\n\n\n<ul class=\"wp-block-list\">\n<li>Uhrzeit der Serveranfrage<\/li>\n\n\n\n<li>Verwendetes Betriebssystem<\/li>\n\n\n\n<li>Browsertyp und Browserversion<\/li>\n\n\n\n<li>Hostname des zugreifenden Rechners<\/li>\n\n\n\n<li>Referrer URL<\/li>\n\n\n\n<li>IP-Adresse<\/li>\n<\/ul>\n\n\n\n<p>Die Erfassung dieser Daten erfolgt automatisch, sobald du unsere Website betrittst.<br>Der Anbieter verwendet die Protokolldaten nur f\u00fcr statistische Auswertungen zum Zweck des Betriebs, der Sicherheit und der Optimierung des Angebotes. Der Anbieter beh\u00e4lt sich jedoch vor, die Protokolldaten nachtr\u00e4glich zu \u00fcberpr\u00fcfen, wenn aufgrund konkreter Anhaltspunkte der berechtigte Verdacht einer rechtswidrigen Nutzung besteht.<\/p>\n\n\n\n<p>Eine Zusammenf\u00fchrung dieser Daten mit anderen Datenquellen wird nicht vorgenommen.<\/p>\n\n\n\n<h4 class=\"wp-block-heading\" id=\"cookies\">Cookies<\/h4>\n\n\n\n<p>Diese Website verwendet teilweise so genannte Cookies.&nbsp;Cookies sind kleine Textdateien, die auf deinem Rechner abgelegt werden und die von deinem Browser gespeichert werden. Sie dienen dazu, unser Angebot nutzerfreundlicher, effektiver und sicherer zu machen. Cookies richten auf deinem Rechner keinen Schaden an und enthalten keine Viren.<\/p>\n\n\n\n<p>Die meisten der von uns verwendeten <a style=\"text-decoration: none!important; border-bottom: none; color: inherit;\" href=\"https:\/\/code78.de\/blog\">Cookies<\/a> sind so genannte \u201cSession-Cookies\u201d. Sie werden nach Ende deines Besuchs automatisch gel\u00f6scht. Andere Cookies bleiben auf deinem Endger\u00e4t gespeichert bis du sie l\u00f6scht. Diese Cookies erm\u00f6glichen es uns, deinem Browser beim n\u00e4chsten Besuch wiederzuerkennen.<\/p>\n\n\n\n<p>Du kannst den Browser so einstellen, dass du \u00fcber das Setzen von Cookies informiert wirst und Cookies nur im Einzelfall erlaubst, die Annahme von Cookies f\u00fcr bestimmte F\u00e4lle oder generell ausschlie\u00dft sowie das automatische L\u00f6schen der Cookies beim Schlie\u00dfen des Browser aktivierst. Bei der Deaktivierung von Cookies kann die Funktionalit\u00e4t und <span class=\"sd-muster-content\">der Nutzungskomfort <\/span>dieser Website eingeschr\u00e4nkt sein.<\/p>\n\n\n\n<p>Cookies, die zur Durchf\u00fchrung des elektronischen Kommunikationsvorgangs oder zur Bereitstellung bestimmter, von dir erw\u00fcnschter Funktionen erforderlich sind, werden auf Grundlage von Art. 6 Abs. 1 lit. f DSGVO gespeichert. Der Websitebetreiber hat ein berechtigtes Interesse an der Speicherung von Cookies zur technisch fehlerfreien und optimierten Bereitstellung seiner Dienste. Soweit andere Cookies (z.B. Cookies zur Analyse deines Surfverhaltens) gespeichert werden, werden diese in dieser Datenschutzerkl\u00e4rung gesondert behandelt.<\/p>\n\n\n\n<h4 class=\"wp-block-heading\" id=\"kontaktaufnahme\">Kontaktaufnahme<\/h4>\n\n\n\n<p>Wenn du uns per E-Mail Anfragen zukommen l\u00e4sst, werden deine Angaben mit deinen angegebenen Kontaktdaten zwecks Bearbeitung der Anfrage und f\u00fcr den Fall von Anschlussfragen bei uns gespeichert. Diese Daten geben wir nicht ohne deine Einwilligung weiter.<\/p>\n\n\n\n<p>Die Verarbeitung der gesendeten Daten erfolgt somit ausschlie\u00dflich auf Grundlage deiner Einwilligung (Art. 6 Abs. 1 lit. a DSGVO). Diese Einwilligung kannst du nat\u00fcrlich jederzeit widerrufen. Dazu reicht eine formlose Mitteilung per E-Mail. Die Rechtm\u00e4\u00dfigkeit der bis zum Widerruf erfolgten Datenverarbeitungsvorg\u00e4nge bleibt vom Widerruf unber\u00fchrt.<\/p>\n\n\n\n<p>Die von dir&nbsp; eingegebenen Daten verbleiben bei uns, bis du uns zur L\u00f6schung aufforderst, deine Einwilligung zur Speicherung widerrufst oder der Zweck f\u00fcr die Datenspeicherung entf\u00e4llt (z.B. nach abgeschlossener Bearbeitung deiner Anfrage).<\/p>\n\n\n\n<p>Zwingende gesetzliche Bestimmungen \u2013 insbesondere Aufbewahrungsfristen \u2013 bleiben unber\u00fchrt.<\/p>\n\n\n\n<h4 class=\"wp-block-heading\" id=\"kommentarfunktion\">Kommentarfunktion<\/h4>\n\n\n\n<p>F\u00fcr die Kommentarfunktion auf dieser Seite werden neben deinem verfassten Kommentar auch Angaben zum Zeitpunkt der Erstellung des Kommentars, deine E-Mail-Adresse und, wenn du nicht anonym postest, der von dir gew\u00e4hlte Nutzername gespeichert.<\/p>\n\n\n\n<p>Unsere Kommentarfunktion speichert die IP-Adressen der Nutzer, die Kommentare verfassen. Da wir Kommentare auf unserer Seite nicht vor der Freischaltung pr\u00fcfen, ben\u00f6tigen wir diese Daten, um im Falle von Rechtsverletzungen wie Beleidigungen oder Propaganda gegen den Autor des Kommentars vorgehen zu k\u00f6nnen.<\/p>\n\n\n\n<p><em><strong><span id=\"kommentarabo\">Kommentar-Abonnements<\/span><\/strong><\/em><br>Als Nutzer der Seite kannst du nach einer Anmeldung Kommentare abonnieren. Du erh\u00e4lst dann eine Best\u00e4tigungsemail, um zu pr\u00fcfen, ob du der Inhaber der angegebenen E-Mail-Adresse bist. Sie kannst diese Funktion jederzeit \u00fcber einen Link in den Info-Mails abbestellen. Die im Rahmen des Abonnierens von Kommentaren eingegebenen Daten werden in diesem Fall gel\u00f6scht; wenn du diese Daten f\u00fcr andere Zwecke und an anderer Stelle an uns \u00fcbermittelt haben, verbleiben die jedoch bei uns.<\/p>\n\n\n\n<p><strong><em><span id=\"gravatar\">Gravatar<\/span><\/em><\/strong><br>Aus deiner E-Mail-Adresse kann eine anonymisierte Zeichenfolge erstellt (auch Hash genannt) und dem Gravatar-Dienst \u00fcbergeben werden, um zu pr\u00fcfen, ob du diesen benutzt. Die Datenschutzerkl\u00e4rung des Gravatar-Dienstes finden du hier: <a href=\"https:\/\/automattic.com\/privacy\/\" target=\"_blank\" rel=\"noopener\">https:\/\/automattic.com\/privacy\/<\/a>.<br>Wenn du deinen Kommentar postest, ist dein bei Gravatar hinterlegtes Profilbild \u00f6ffentlich im Kontext deines Kommentars sichtbar.<\/p>\n\n\n\n<p>Die Kommentare und die damit verbundenen Daten werden gespeichert und verbleiben auf unserer Website, bis der kommentierte Inhalt vollst\u00e4ndig gel\u00f6scht wurde oder die Kommentare aus rechtlichen Gr\u00fcnden gel\u00f6scht werden m\u00fcssen.<\/p>\n\n\n\n<p>Die Speicherung der Kommentare erfolgt auf Grundlage deiner Einwilligung (Art. 6 Abs. 1 lit. a DSGVO). Du kannst deine erteilte Einwilligung jederzeit widerrufen. Dazu reicht eine formlose Mitteilung per E-Mail. Die Rechtm\u00e4\u00dfigkeit der bereits erfolgten Datenverarbeitungsvorg\u00e4nge bleibt vom Widerruf unber\u00fchrt.<\/p>\n\n\n\n<h4 class=\"wp-block-heading\" id=\"webfonts\">Google Web Fonts<\/h4>\n\n\n\n<p>Um unsere Inhalte browser\u00fcbergreifend korrekt und grafisch ansprechend darzustellen, verwenden wir auf dieser Website die Schriftbibliotheken Web Fonts, die von Google bereitgestellt werden. Beim Aufruf einer Seite l\u00e4dt dein Browser die ben\u00f6tigten Web Fonts in den Browsercache, um Texte und Schriftarten korrekt anzuzeigen.<\/p>\n\n\n\n<p>Zu diesem Zweck muss dein Browser eine Verbindung zu den Servern von Google aufnehmen. Hierdurch erlangt Google Kenntnis dar\u00fcber, dass \u00fcber deine IP-Adresse unsere Website aufgerufen wurde. Die Nutzung von Google Web Fonts erfolgt im Interesse einer einheitlichen und ansprechenden Darstellung unserer Online-Angebote. Dies stellt ein berechtigtes Interesse im Sinne von Art. 6 Abs. 1 lit. f DSGVO dar.<\/p>\n\n\n\n<p>Wenn dein Browser Web Fonts nicht unterst\u00fctzt, wird eine Standardschrift von deinem Computer genutzt.<\/p>\n\n\n\n<p>Weitere Informationen zu Google Web Fonts findest du unter <a href=\"https:\/\/developers.google.com\/fonts\/faq\" target=\"_blank\" rel=\"noopener\">https:\/\/developers.google.com\/fonts\/faq<\/a> und in der Datenschutzerkl\u00e4rung von Google: <a href=\"https:\/\/www.google.com\/policies\/privacy\/\" target=\"_blank\" rel=\"noopener\">https:\/\/www.google.com\/policies\/privacy\/<\/a>.<\/p>\n\n\n\n<h3 class=\"wp-block-heading\" id=\"schutz\">Schutz von personenbezogenen Daten<\/h3>\n\n\n\n<p>Deine uns zur Verf\u00fcgung gestellten pers\u00f6nlichen Daten werden durch Umsetzung aller technischen und organisatorischen Sicherheitsma\u00dfnahmen so gesichert, dass sie f\u00fcr den Zugriff durch Dritte unzug\u00e4nglich sind. Wir minimieren dadurch Risiken im Zusammenhang mit Verlust, Missbrauch und unberechtigtem Zugriff auf deine Daten.<br>Bei der Versendung von sehr sensiblen Daten ist es empfehlenswert, den Postweg zu nutzen, da eine vollst\u00e4ndige Datensicherheit per E-Mail nicht gew\u00e4hrleistet werden kann.<\/p>\n\n\n\n<h3 class=\"wp-block-heading\" id=\"widerrufeinwilligung\">Widerruf der Einwilligung<\/h3>\n\n\n\n<p>Du kannst deine Einwilligung zur Erhebung und Speicherung deiner personenbezogenen Daten durch uns nat\u00fcrlich jederzeit widerrufen. Bei Bedarf schreibe bitte an<\/p>\n\n\n\n<p>heidi@code78.de<\/p>\n\n\n\n<p>Du kannst dich auch von bestimmten anderen Arten der Datenverarbeitung abmelden (Opt-Out), indem du deine Einstellungen auf deinen Ger\u00e4ten oder Apps anpasst.<\/p>\n\n\n\n<h3 class=\"wp-block-heading\" id=\"auskunft\">Auskunft, \u00c4nderung und L\u00f6schung deiner personenbezogenen Daten<\/h3>\n\n\n\n<p>Du hast im Rahmen der geltenden gesetzlichen Bestimmungen jederzeit das Recht auf die unentgeltliche Auskunft \u00fcber deine gespeicherten pers\u00f6nlichen Daten, deren Herkunft und den Zweck der Datenverarbeitung und ggf. ein Recht auf Berichtigung, Sperrung oder L\u00f6schung dieser Daten, soweit dem keine gesetzliche Aufbewahrungspflicht entgegensteht.<\/p>\n\n\n\n<h3 class=\"wp-block-heading\" id=\"datenuebertragbarkeit\">Recht auf Daten\u00fcbertragbarkeit<\/h3>\n\n\n\n<p>Du haben das Recht, Daten, die wir auf Grundlage deiner Einwilligung oder in Erf\u00fcllung eines Vertrags automatisiert verarbeiten, an dich oder an einen Dritten in einem g\u00e4ngigen, maschinenlesbaren Format aush\u00e4ndigen zu lassen. Sofern du die direkte \u00dcbertragung der Daten an einen anderen Verantwortlichen verlangst, erfolgt dies nur, soweit es technisch machbar ist.<\/p>\n\n\n\n<h3 class=\"wp-block-heading\" id=\"beschwerderecht\">Beschwerderecht bei der zust\u00e4ndigen Aufsichtsbeh\u00f6rde<\/h3>\n\n\n\n<p>Im Falle datenschutzrechtlicher Verst\u00f6\u00dfe steht dem Betroffenen ein Beschwerderecht bei der zust\u00e4ndigen Aufsichtsbeh\u00f6rde zu. Zust\u00e4ndige Aufsichtsbeh\u00f6rde in datenschutzrechtlichen Fragen ist der Landesdatenschutzbeauftragte des Bundeslandes, in dem unser Unternehmen seinen Sitz hat. Eine Liste der Datenschutzbeauftragten sowie deren Kontaktdaten k\u00f6nnen folgendem Link entnommen werden: <a href=\"https:\/\/www.bfdi.bund.de\/DE\/Infothek\/Anschriften_Links\/anschriften_links-node.html\" target=\"_blank\" rel=\"noopener\">https:\/\/www.bfdi.bund.de\/DE\/Infothek\/Anschriften_Links\/anschriften_links-node.html<\/a>.<\/p>\n\n\n\n<h3 class=\"wp-block-heading\" id=\"ssltls\">SSL- bzw. TLS-Verschl\u00fcsselung<\/h3>\n\n\n\n<p>Diese Seite nutzt aus Sicherheitsgr\u00fcnden und zum Schutz der \u00dcbertragung vertraulicher Inhalte, wie zum Beispiel Anfragen, die du an uns als Seitenbetreiber sendest, eine SSL-bzw. TLS-Verschl\u00fcsselung. Eine verschl\u00fcsselte Verbindung erkennst du daran, dass die Adresszeile des Browsers von \u201chttp:\/\/\u201d auf \u201chttps:\/\/\u201d wechselt und an dem Schloss-Symbol in Ihrer Browserzeile.<\/p>\n\n\n\n<p>Wenn die SSL- bzw. TLS-Verschl\u00fcsselung aktiviert ist, k\u00f6nnen die Daten, die du an uns sendest, nicht von Dritten mitgelesen werden.<br><script language=\"JavaScript\"><br \/>\n<!--\nvar message=\"\";\n\/\/\/\/\/\/\/\/\/\/\/\/\/\/\/\/\/\/\/\/\/\/\/\/\/\/\/\/\/\/\/\/\/\/\/\nfunction clickIE() {if (document.all) {(message);return false;}}\nfunction clickNS(e) {if \n(document.layers||(document.getElementById&&!document.all)) {\nif (e.which==2||e.which==3) {(message);return false;}}}\nif (document.layers) \n{document.captureEvents(Event.MOUSEDOWN);document.onmousedown=clickNS;}\nelse{document.onmouseup=clickNS;document.oncontextmenu=clickIE;}\ndocument.oncontextmenu=new Function(\"return false\")\n\/\/ --><br \/>\n<\/script><\/p>\n","protected":false},"excerpt":{"rendered":"<p>GrundsatzVerantwortlichkeit und GeltungsbereichErhebung, Nutzung, Weitergabe Durch den Anbieter Durch den Provider Cookies Kontaktaufnahme Kommentarfunktion Kommentar-Abonnement Gravatar-Profil Social PlugIns Google Web Fonts SSL\/TLSSchutz von personenbezogenen Daten Widerruf der Einwilligung Auskunft, \u00c4nderung und L\u00f6schung Recht auf Daten\u00fcbertragbarkeit Beschwerderecht bei der zust\u00e4ndigen Aufsichtsbeh\u00f6rde Grundsatz Wir wissen, dass dir der sorgf\u00e4ltige Umgang mit deinen pers\u00f6nlichen Daten wichtig ist. Deshalb [&hellip;]<\/p>\n","protected":false},"author":1,"featured_media":0,"parent":0,"menu_order":0,"comment_status":"closed","ping_status":"closed","template":"","meta":{"_acf_changed":false,"footnotes":""},"class_list":["post-57","page","type-page","status-publish","hentry"],"acf":[],"_links":{"self":[{"href":"https:\/\/code78.de\/blog\/wp-json\/wp\/v2\/pages\/57","targetHints":{"allow":["GET"]}}],"collection":[{"href":"https:\/\/code78.de\/blog\/wp-json\/wp\/v2\/pages"}],"about":[{"href":"https:\/\/code78.de\/blog\/wp-json\/wp\/v2\/types\/page"}],"author":[{"embeddable":true,"href":"https:\/\/code78.de\/blog\/wp-json\/wp\/v2\/users\/1"}],"replies":[{"embeddable":true,"href":"https:\/\/code78.de\/blog\/wp-json\/wp\/v2\/comments?post=57"}],"version-history":[{"count":0,"href":"https:\/\/code78.de\/blog\/wp-json\/wp\/v2\/pages\/57\/revisions"}],"wp:attachment":[{"href":"https:\/\/code78.de\/blog\/wp-json\/wp\/v2\/media?parent=57"}],"curies":[{"name":"wp","href":"https:\/\/api.w.org\/{rel}","templated":true}]}}